{"id":11333,"date":"2017-12-12T10:30:57","date_gmt":"2017-12-12T10:30:57","guid":{"rendered":"https:\/\/cmgd.pt\/home-2\/"},"modified":"2021-12-20T09:58:31","modified_gmt":"2021-12-20T09:58:31","slug":"home","status":"publish","type":"page","link":"https:\/\/cmgd.pt\/en\/","title":{"rendered":"Home"},"content":{"rendered":"<div class=\"wpb-content-wrapper\"><p>[vc_row full_width=&#8221;stretch_row&#8221; careerfy_container=&#8221;wide&#8221; el_class=&#8221;banner-search-padding&#8221; css=&#8221;.vc_custom_1639994098052{background: #f1f3f4 url(https:\/\/cmgd.pt\/wp-content\/uploads\/2021\/10\/g8570u.jpg?id=11027) !important;}&#8221;][vc_column css=&#8221;.vc_custom_1564726649981{padding-top: 10px !important;}&#8221;]            <!-- Banner -->\r\n            <div class=\"careerfy-thirteen-banner\">\r\n                <div class=\"careerfy-thirteen-banner-search  search-cat-off \">\r\n                    <form autocomplete=\"off\" method=\"get\" action=\"https:\/\/cmgd.pt\/ofertas-de-emprego\/\">\r\n                        <ul>\r\n                                                            <li><i class=\"careerfy-icon careerfy-search-o\"><\/i>\r\n                                    <div class=\"jobsearch-sugges-search\">\r\n                                        <input placeholder=\"Keywords or Title\"\r\n                                               name=\"search_title\" data-type=\"job\" type=\"text\">\r\n                                        <span class=\"sugg-search-loader\"><\/span>\r\n                                    <\/div>\r\n                                <\/li>\r\n                                                                                        <li>\r\n                                                <input placeholder=\"City, State or ZIP\" class=\"srch_autogeo_location\" name=\"location\" type=\"text\" value=\"\">\r\n            \r\n                                <\/li>\r\n                                                                                    <li><input type=\"submit\" value=\"Search Job\">\r\n                                <a href=\"https:\/\/cmgd.pt\/ofertas-de-emprego\/\">+ Advance Search<\/a>\r\n                            <\/li>\r\n                        <\/ul>\r\n                    <\/form>\r\n                <\/div>\r\n            <\/div>\r\n            <!-- Banner -->\r\n        [vc_row_inner equal_height=&#8221;yes&#8221; content_placement=&#8221;middle&#8221; gap=&#8221;30&#8243; css=&#8221;.vc_custom_1639993267872{padding-right: 50px !important;padding-left: 50px !important;}&#8221;][vc_column_inner width=&#8221;1\/2&#8243; css=&#8221;.vc_custom_1639993303037{padding-top: 50px !important;padding-right: 50px !important;padding-left: 50px !important;}&#8221;]<div class=\" ubtn-ctn-center \"><a class=\"ubtn-link ult-adjust-bottom-margin ubtn-center ubtn-block \" href=\"https:\/\/cmgd.pt\/candidatos\/\" title=\"CANDIDATOS\" ><button type=\"button\" id=\"ubtn-6977\"  class=\"ubtn ult-adjust-bottom-margin ult-responsive ubtn-block ubtn-fade-bg  ulta-float  ubtn-sep-icon ubtn-sep-icon-at-left  ubtn-center   tooltip-6a05719fd81d7 ubtn-block\"  data-hover=\"\" data-border-color=\"\" data-bg=\"#81d742\" data-hover-bg=\"\" data-border-hover=\"\" data-shadow-hover=\"\" data-shadow-click=\"none\" data-shadow=\"\" data-shd-shadow=\"\"  data-ultimate-target='#ubtn-6977'  data-responsive-json-new='{\"font-size\":\"desktop:20px;\",\"line-height\":\"\"}'  style=\"font-weight:bold;border:none;background: #81d742;color: #ffffff;\"><span class=\"ubtn-data ubtn-icon\"><i class=\"Defaults-user\" style=\"font-size:32px;color:;\"><\/i><\/span><span class=\"ubtn-hover\" style=\"background-color:\"><\/span><span class=\"ubtn-data ubtn-text \" >Inscri\u00e7\u00e3o de CANDIDATOS<\/span><\/button><\/a><\/div>[\/vc_column_inner][vc_column_inner width=&#8221;1\/2&#8243; css=&#8221;.vc_custom_1639993326237{padding-top: 50px !important;padding-right: 50px !important;padding-left: 50px !important;}&#8221;]<div class=\" ubtn-ctn-center \"><a class=\"ubtn-link ult-adjust-bottom-margin ubtn-center ubtn-block \" href=\"https:\/\/cmgd.pt\/empresas\/\" title=\"CANDIDATOS\" ><button type=\"button\" id=\"ubtn-4810\"  class=\"ubtn ult-adjust-bottom-margin ult-responsive ubtn-block ubtn-no-hover-bg  ulta-float  ubtn-sep-icon ubtn-sep-icon-at-right  ubtn-center   tooltip-6a05719fd8228 ubtn-block\"  data-hover=\"\" data-border-color=\"\" data-bg=\"#74d62f\" data-hover-bg=\"\" data-border-hover=\"\" data-shadow-hover=\"\" data-shadow-click=\"none\" data-shadow=\"\" data-shd-shadow=\"\"  data-ultimate-target='#ubtn-4810'  data-responsive-json-new='{\"font-size\":\"desktop:20px;\",\"line-height\":\"\"}'  style=\"font-weight:bold;border:none;background: #74d62f;color: #ffffff;\"><span class=\"ubtn-data ubtn-icon\"><i class=\"Defaults-building-o\" style=\"font-size:32px;color:;\"><\/i><\/span><span class=\"ubtn-hover\" style=\"background-color:\"><\/span><span class=\"ubtn-data ubtn-text \" >Inscri\u00e7\u00e3o de EMPRESAS<\/span><\/button><\/a><\/div>[\/vc_column_inner][\/vc_row_inner][\/vc_column][\/vc_row][vc_row css=&#8221;.vc_custom_1564726090003{padding-top: 70px !important;padding-bottom: 75px !important;}&#8221;][vc_column]        <div class=\"careerfy-fancy-title-fifteen style-heading-1479719371\">\r\n            <h2 >\u00daltimas Ofertas<\/h2>\r\n            <span >Use o nosso mecanismo de pesquisa mais abrangente.<\/span>\r\n        <\/div>\r\n        <style>\r\n            .style-heading-1479719371::before {\r\n                background-color: #5dce7d;\r\n            }\r\n        <\/style>\r\n                    <script>\r\n                    jQuery(document).on('click', '.lodmore-jlists-63329314', function (e) {\r\n                        e.preventDefault();\r\n                        var _this = jQuery(this),\r\n                            total_pages = _this.attr('data-tpages'),\r\n                            page_num = _this.attr('data-gtopage'),\r\n                            this_html = _this.html(),\r\n                            appender_con = jQuery('#main-jlists-63329314 li:last'),\r\n                            ajax_url = 'https:\/\/cmgd.pt\/wp-admin\/admin-ajax.php';\r\n                        if (!_this.hasClass('ajax-loadin')) {\r\n                            _this.addClass('ajax-loadin');\r\n                            _this.html(this_html + '<i class=\"fa fa-refresh fa-spin\"><\/i>');\r\n\r\n                            total_pages = parseInt(total_pages);\r\n                            page_num = parseInt(page_num);\r\n                            var request = jQuery.ajax({\r\n                                url: ajax_url,\r\n                                method: \"POST\",\r\n                                data: {\r\n                                    page_num: page_num,\r\n                                    job_cat: '',\r\n                                    featured_only: 'no',\r\n                                    job_order: 'DESC',\r\n                                    job_orderby: 'date',\r\n                                    job_per_page: '6',\r\n                                    loc_view_country: '',\r\n                                    loc_view_state: '',\r\n                                    loc_view_city: '1',\r\n                                    job_list_style: 'style4',\r\n                                    action: 'jobsearch_load_more_insimple_jobslistin_con',\r\n                                },\r\n                                dataType: \"json\"\r\n                            });\r\n\r\n                            request.done(function (response) {\r\n                                if ('undefined' !== typeof response.html) {\r\n                                    page_num += 1;\r\n                                    console.info(response.html);\r\n                                    _this.attr('data-gtopage', page_num)\r\n                                    if (page_num > total_pages) {\r\n                                        _this.parent('div').hide();\r\n                                    }\r\n\r\n                                    appender_con.before(response.html);\r\n                                }\r\n                                _this.html(this_html);\r\n                                _this.removeClass('ajax-loadin');\r\n                            });\r\n\r\n                            request.fail(function (jqXHR, textStatus) {\r\n                                _this.html(this_html);\r\n                                _this.removeClass('ajax-loadin');\r\n                            });\r\n                        }\r\n                        return false;\r\n                    });\r\n                <\/script>\r\n                                <div id=\"main-jlists-63329314\" class=\"careerfy-recentjobs-list\">\r\n                    <div class=\"careerfy-fancy-title-eleven careerfy-fancy-title-eleven-left\">\r\n                                                                        <span><\/span>\r\n                    <\/div>\r\n                    <p>No job found.<\/p>                <\/div>\r\n            [\/vc_column][\/vc_row][vc_row css=&#8221;.vc_custom_1635345837493{padding-top: 80px !important;padding-bottom: 60px !important;background-color: #ededed !important;}&#8221;][vc_column]        <div class=\"careerfy-fancy-title-fifteen style-heading-1540182299\">\r\n            <h2 >TOP SECTORES<\/h2>\r\n            <span >Uma melhor carreira est\u00e1 l\u00e1 fora. N\u00f3s vamos ajud\u00e1-lo a encontr\u00e1-la.<\/span>\r\n        <\/div>\r\n        <style>\r\n            .style-heading-1540182299::before {\r\n                background-color: #5dce7d;\r\n            }\r\n        <\/style>\r\n            <div id=\"jobsearch-findby-sectors\" class=\"categories-list\" data-view=\"\">\r\n            \r\n                        <\/div>\r\n                    <div class=\"careerfy-plain-btn\"><a\r\n                        href=\"https:\/\/cmgd.pt\/ofertas-de-emprego\/\">Browse All Sectors<\/a>\r\n            <\/div>\r\n            [\/vc_column][\/vc_row]<\/p>\n<\/div>","protected":false},"excerpt":{"rendered":"<p>[vc_row full_width=&#8221;stretch_row&#8221; careerfy_container=&#8221;wide&#8221; el_class=&#8221;banner-search-padding&#8221; css=&#8221;.vc_custom_1639994098052{background: #f1f3f4 url(https:\/\/cmgd.pt\/wp-content\/uploads\/2021\/10\/g8570u.jpg?id=11027) !important;}&#8221;][vc_column css=&#8221;.vc_custom_1564726649981{padding-top: 10px !important;}&#8221;][vc_row_inner equal_height=&#8221;yes&#8221; content_placement=&#8221;middle&#8221; gap=&#8221;30&#8243; css=&#8221;.vc_custom_1639993267872{padding-right: 50px !important;padding-left: 50px !important;}&#8221;][vc_column_inner width=&#8221;1\/2&#8243; css=&#8221;.vc_custom_1639993303037{padding-top: 50px !important;padding-right: 50px !important;padding-left: 50px !important;}&#8221;][\/vc_column_inner][vc_column_inner width=&#8221;1\/2&#8243; css=&#8221;.vc_custom_1639993326237{padding-top: 50px !important;padding-right: 50px !important;padding-left: 50px !important;}&#8221;][\/vc_column_inner][\/vc_row_inner][\/vc_column][\/vc_row][vc_row css=&#8221;.vc_custom_1564726090003{padding-top: 70px !important;padding-bottom: 75px !important;}&#8221;][vc_column][\/vc_column][\/vc_row][vc_row css=&#8221;.vc_custom_1635345837493{padding-top: 80px !important;padding-bottom: 60px !important;background-color: #ededed !important;}&#8221;][vc_column][\/vc_column][\/vc_row]<\/p>\n","protected":false},"author":1,"featured_media":0,"parent":0,"menu_order":0,"comment_status":"closed","ping_status":"closed","template":"","meta":{"footnotes":""},"class_list":["post-11333","page","type-page","status-publish","hentry"],"yoast_head":"<!-- This site is optimized with the Yoast SEO plugin v26.8 - https:\/\/yoast.com\/product\/yoast-seo-wordpress\/ -->\n<title>Home - CMGD<\/title>\n<meta name=\"robots\" content=\"index, follow, max-snippet:-1, max-image-preview:large, max-video-preview:-1\" \/>\n<link rel=\"canonical\" href=\"https:\/\/cmgd.pt\/en\/\" \/>\n<meta property=\"og:locale\" content=\"en_US\" \/>\n<meta property=\"og:type\" content=\"article\" \/>\n<meta property=\"og:title\" content=\"Home - CMGD\" \/>\n<meta property=\"og:description\" content=\"[vc_row full_width=&#8221;stretch_row&#8221; careerfy_container=&#8221;wide&#8221; el_class=&#8221;banner-search-padding&#8221; css=&#8221;.vc_custom_1639994098052{background: #f1f3f4 url(https:\/\/cmgd.pt\/wp-content\/uploads\/2021\/10\/g8570u.jpg?id=11027) !important;}&#8221;][vc_column css=&#8221;.vc_custom_1564726649981{padding-top: 10px !important;}&#8221;][vc_row_inner equal_height=&#8221;yes&#8221; content_placement=&#8221;middle&#8221; gap=&#8221;30&#8243; css=&#8221;.vc_custom_1639993267872{padding-right: 50px !important;padding-left: 50px !important;}&#8221;][vc_column_inner width=&#8221;1\/2&#8243; css=&#8221;.vc_custom_1639993303037{padding-top: 50px !important;padding-right: 50px !important;padding-left: 50px !important;}&#8221;][\/vc_column_inner][vc_column_inner width=&#8221;1\/2&#8243; css=&#8221;.vc_custom_1639993326237{padding-top: 50px !important;padding-right: 50px !important;padding-left: 50px !important;}&#8221;][\/vc_column_inner][\/vc_row_inner][\/vc_column][\/vc_row][vc_row css=&#8221;.vc_custom_1564726090003{padding-top: 70px !important;padding-bottom: 75px !important;}&#8221;][vc_column][\/vc_column][\/vc_row][vc_row css=&#8221;.vc_custom_1635345837493{padding-top: 80px !important;padding-bottom: 60px !important;background-color: #ededed !important;}&#8221;][vc_column][\/vc_column][\/vc_row]\" \/>\n<meta property=\"og:url\" content=\"https:\/\/cmgd.pt\/en\/\" \/>\n<meta property=\"og:site_name\" content=\"CMGD\" \/>\n<meta property=\"article:modified_time\" content=\"2021-12-20T09:58:31+00:00\" \/>\n<meta name=\"twitter:card\" content=\"summary_large_image\" \/>\n<meta name=\"twitter:label1\" content=\"Est. reading time\" \/>\n\t<meta name=\"twitter:data1\" content=\"2 minutes\" \/>\n<script type=\"application\/ld+json\" class=\"yoast-schema-graph\">{\"@context\":\"https:\/\/schema.org\",\"@graph\":[{\"@type\":\"WebPage\",\"@id\":\"https:\/\/cmgd.pt\/en\/\",\"url\":\"https:\/\/cmgd.pt\/en\/\",\"name\":\"Home - CMGD\",\"isPartOf\":{\"@id\":\"https:\/\/cmgd.pt\/en\/#website\"},\"datePublished\":\"2017-12-12T10:30:57+00:00\",\"dateModified\":\"2021-12-20T09:58:31+00:00\",\"breadcrumb\":{\"@id\":\"https:\/\/cmgd.pt\/en\/#breadcrumb\"},\"inLanguage\":\"en-US\",\"potentialAction\":[{\"@type\":\"ReadAction\",\"target\":[\"https:\/\/cmgd.pt\/en\/\"]}]},{\"@type\":\"BreadcrumbList\",\"@id\":\"https:\/\/cmgd.pt\/en\/#breadcrumb\",\"itemListElement\":[{\"@type\":\"ListItem\",\"position\":1,\"name\":\"In\u00edcio\",\"item\":\"https:\/\/cmgd.pt\/en\/\"},{\"@type\":\"ListItem\",\"position\":2,\"name\":\"Home\"}]},{\"@type\":\"WebSite\",\"@id\":\"https:\/\/cmgd.pt\/en\/#website\",\"url\":\"https:\/\/cmgd.pt\/en\/\",\"name\":\"CMGD\",\"description\":\"Trabalho Tempor\u00e1rio\",\"publisher\":{\"@id\":\"https:\/\/cmgd.pt\/en\/#organization\"},\"potentialAction\":[{\"@type\":\"SearchAction\",\"target\":{\"@type\":\"EntryPoint\",\"urlTemplate\":\"https:\/\/cmgd.pt\/en\/?s={search_term_string}\"},\"query-input\":{\"@type\":\"PropertyValueSpecification\",\"valueRequired\":true,\"valueName\":\"search_term_string\"}}],\"inLanguage\":\"en-US\"},{\"@type\":\"Organization\",\"@id\":\"https:\/\/cmgd.pt\/en\/#organization\",\"name\":\"CMGD - Trabalho tempor\u00e1rio, Lda.\",\"url\":\"https:\/\/cmgd.pt\/en\/\",\"logo\":{\"@type\":\"ImageObject\",\"inLanguage\":\"en-US\",\"@id\":\"https:\/\/cmgd.pt\/en\/#\/schema\/logo\/image\/\",\"url\":\"https:\/\/cmgd.pt\/wp-content\/uploads\/2017\/12\/Logotipo_CMGD_smaller_square.png\",\"contentUrl\":\"https:\/\/cmgd.pt\/wp-content\/uploads\/2017\/12\/Logotipo_CMGD_smaller_square.png\",\"width\":150,\"height\":150,\"caption\":\"CMGD - Trabalho tempor\u00e1rio, Lda.\"},\"image\":{\"@id\":\"https:\/\/cmgd.pt\/en\/#\/schema\/logo\/image\/\"}}]}<\/script>\n<!-- \/ Yoast SEO plugin. -->","yoast_head_json":{"title":"Home - CMGD","robots":{"index":"index","follow":"follow","max-snippet":"max-snippet:-1","max-image-preview":"max-image-preview:large","max-video-preview":"max-video-preview:-1"},"canonical":"https:\/\/cmgd.pt\/en\/","og_locale":"en_US","og_type":"article","og_title":"Home - CMGD","og_description":"[vc_row full_width=&#8221;stretch_row&#8221; careerfy_container=&#8221;wide&#8221; el_class=&#8221;banner-search-padding&#8221; css=&#8221;.vc_custom_1639994098052{background: #f1f3f4 url(https:\/\/cmgd.pt\/wp-content\/uploads\/2021\/10\/g8570u.jpg?id=11027) !important;}&#8221;][vc_column css=&#8221;.vc_custom_1564726649981{padding-top: 10px !important;}&#8221;][vc_row_inner equal_height=&#8221;yes&#8221; content_placement=&#8221;middle&#8221; gap=&#8221;30&#8243; css=&#8221;.vc_custom_1639993267872{padding-right: 50px !important;padding-left: 50px !important;}&#8221;][vc_column_inner width=&#8221;1\/2&#8243; css=&#8221;.vc_custom_1639993303037{padding-top: 50px !important;padding-right: 50px !important;padding-left: 50px !important;}&#8221;][\/vc_column_inner][vc_column_inner width=&#8221;1\/2&#8243; css=&#8221;.vc_custom_1639993326237{padding-top: 50px !important;padding-right: 50px !important;padding-left: 50px !important;}&#8221;][\/vc_column_inner][\/vc_row_inner][\/vc_column][\/vc_row][vc_row css=&#8221;.vc_custom_1564726090003{padding-top: 70px !important;padding-bottom: 75px !important;}&#8221;][vc_column][\/vc_column][\/vc_row][vc_row css=&#8221;.vc_custom_1635345837493{padding-top: 80px !important;padding-bottom: 60px !important;background-color: #ededed !important;}&#8221;][vc_column][\/vc_column][\/vc_row]","og_url":"https:\/\/cmgd.pt\/en\/","og_site_name":"CMGD","article_modified_time":"2021-12-20T09:58:31+00:00","twitter_card":"summary_large_image","twitter_misc":{"Est. reading time":"2 minutes"},"schema":{"@context":"https:\/\/schema.org","@graph":[{"@type":"WebPage","@id":"https:\/\/cmgd.pt\/en\/","url":"https:\/\/cmgd.pt\/en\/","name":"Home - CMGD","isPartOf":{"@id":"https:\/\/cmgd.pt\/en\/#website"},"datePublished":"2017-12-12T10:30:57+00:00","dateModified":"2021-12-20T09:58:31+00:00","breadcrumb":{"@id":"https:\/\/cmgd.pt\/en\/#breadcrumb"},"inLanguage":"en-US","potentialAction":[{"@type":"ReadAction","target":["https:\/\/cmgd.pt\/en\/"]}]},{"@type":"BreadcrumbList","@id":"https:\/\/cmgd.pt\/en\/#breadcrumb","itemListElement":[{"@type":"ListItem","position":1,"name":"In\u00edcio","item":"https:\/\/cmgd.pt\/en\/"},{"@type":"ListItem","position":2,"name":"Home"}]},{"@type":"WebSite","@id":"https:\/\/cmgd.pt\/en\/#website","url":"https:\/\/cmgd.pt\/en\/","name":"CMGD","description":"Trabalho Tempor\u00e1rio","publisher":{"@id":"https:\/\/cmgd.pt\/en\/#organization"},"potentialAction":[{"@type":"SearchAction","target":{"@type":"EntryPoint","urlTemplate":"https:\/\/cmgd.pt\/en\/?s={search_term_string}"},"query-input":{"@type":"PropertyValueSpecification","valueRequired":true,"valueName":"search_term_string"}}],"inLanguage":"en-US"},{"@type":"Organization","@id":"https:\/\/cmgd.pt\/en\/#organization","name":"CMGD - Trabalho tempor\u00e1rio, Lda.","url":"https:\/\/cmgd.pt\/en\/","logo":{"@type":"ImageObject","inLanguage":"en-US","@id":"https:\/\/cmgd.pt\/en\/#\/schema\/logo\/image\/","url":"https:\/\/cmgd.pt\/wp-content\/uploads\/2017\/12\/Logotipo_CMGD_smaller_square.png","contentUrl":"https:\/\/cmgd.pt\/wp-content\/uploads\/2017\/12\/Logotipo_CMGD_smaller_square.png","width":150,"height":150,"caption":"CMGD - Trabalho tempor\u00e1rio, Lda."},"image":{"@id":"https:\/\/cmgd.pt\/en\/#\/schema\/logo\/image\/"}}]}},"_links":{"self":[{"href":"https:\/\/cmgd.pt\/en\/wp-json\/wp\/v2\/pages\/11333","targetHints":{"allow":["GET"]}}],"collection":[{"href":"https:\/\/cmgd.pt\/en\/wp-json\/wp\/v2\/pages"}],"about":[{"href":"https:\/\/cmgd.pt\/en\/wp-json\/wp\/v2\/types\/page"}],"author":[{"embeddable":true,"href":"https:\/\/cmgd.pt\/en\/wp-json\/wp\/v2\/users\/1"}],"replies":[{"embeddable":true,"href":"https:\/\/cmgd.pt\/en\/wp-json\/wp\/v2\/comments?post=11333"}],"version-history":[{"count":0,"href":"https:\/\/cmgd.pt\/en\/wp-json\/wp\/v2\/pages\/11333\/revisions"}],"wp:attachment":[{"href":"https:\/\/cmgd.pt\/en\/wp-json\/wp\/v2\/media?parent=11333"}],"curies":[{"name":"wp","href":"https:\/\/api.w.org\/{rel}","templated":true}]}}